{"id":9140,"date":"2025-05-14T13:03:55","date_gmt":"2025-05-14T10:03:55","guid":{"rendered":"https:\/\/www.extintech.com\/en\/?page_id=9140"},"modified":"2025-06-23T12:36:31","modified_gmt":"2025-06-23T09:36:31","slug":"contact","status":"publish","type":"page","link":"https:\/\/www.extintech.com\/en\/contact\/","title":{"rendered":"Contact"},"content":{"rendered":"<section class=\"l-section wpb_row height_custom\"><div class=\"l-section-h i-cf\"><div class=\"g-cols vc_row via_grid cols_1 laptops-cols_inherit tablets-cols_inherit mobiles-cols_1 valign_top type_default stacking_default\"><div class=\"wpb_column vc_column_container\"><div class=\"vc_column-inner\"><div class=\"g-cols wpb_row via_grid cols_2 laptops-cols_inherit tablets-cols_inherit mobiles-cols_1 valign_top type_default stacking_default\" style=\"--columns-gap:3rem;\"><div class=\"wpb_column vc_column_container\"><div class=\"vc_column-inner\"><h2 class=\"w-text\"><span class=\"w-text-h\"><span class=\"w-text-value\">Contact Information<\/span><\/span><\/h2><div class=\"w-separator size_small\"><\/div><div class=\"w-iconbox iconpos_left style_circle color_secondary align_left no_text\"><a target=\"_blank\" href=\"mailto:info@extintech.com\" class=\"w-iconbox-link\" aria-label=\"info@extintech.com\"><div class=\"w-iconbox-icon\" style=\"font-size:22px;\"><i class=\"far fa-envelope\"><\/i><\/div><\/a><div class=\"w-iconbox-meta\"><div class=\"w-iconbox-title\" style=\"font-size:18px;\"><a target=\"_blank\" href=\"mailto:info@extintech.com\" class=\"w-iconbox-link\" aria-label=\"info@extintech.com\">info@extintech.com<\/a><\/div><\/div><\/div><div class=\"w-separator size_small\"><\/div><div class=\"w-iconbox iconpos_left style_circle color_secondary align_left no_text\"><a target=\"_blank\" href=\"mailto:erkan@extintech.com\" class=\"w-iconbox-link\" aria-label=\"erkan@extintech.com\"><div class=\"w-iconbox-icon\" style=\"font-size:22px;\"><i class=\"far fa-envelope\"><\/i><\/div><\/a><div class=\"w-iconbox-meta\"><div class=\"w-iconbox-title\" style=\"font-size:18px;\"><a target=\"_blank\" href=\"mailto:erkan@extintech.com\" class=\"w-iconbox-link\" aria-label=\"erkan@extintech.com\">erkan@extintech.com<\/a><\/div><\/div><\/div><div class=\"w-separator size_small\"><\/div><div class=\"w-iconbox iconpos_left style_circle color_secondary align_left no_text\"><a target=\"_blank\" href=\"tel:+90 (216) 371 54 28\" class=\"w-iconbox-link\" aria-label=\"+90 (216) 371 54 28\"><div class=\"w-iconbox-icon\" style=\"font-size:22px;\"><i class=\"far fa-phone\"><\/i><\/div><\/a><div class=\"w-iconbox-meta\"><div class=\"w-iconbox-title\" style=\"font-size:18px;\"><a target=\"_blank\" href=\"tel:+90 (216) 371 54 28\" class=\"w-iconbox-link\" aria-label=\"+90 (216) 371 54 28\">+90 (216) 371 54 28<\/a><\/div><\/div><\/div><div class=\"w-separator size_small\"><\/div><div class=\"w-iconbox iconpos_left style_circle color_secondary align_left no_text\"><a target=\"_blank\" href=\"tel:+90 (532) 377 77 71\" class=\"w-iconbox-link\" aria-label=\"+90 (532) 377 77 71\"><div class=\"w-iconbox-icon\" style=\"font-size:22px;\"><i class=\"fas fa-mobile-alt\"><\/i><\/div><\/a><div class=\"w-iconbox-meta\"><div class=\"w-iconbox-title\" style=\"font-size:18px;\"><a target=\"_blank\" href=\"tel:+90 (532) 377 77 71\" class=\"w-iconbox-link\" aria-label=\"+90 (532) 377 77 71\">+90 (532) 377 77 71<\/a><\/div><\/div><\/div><div class=\"w-separator size_small\"><\/div><div class=\"w-iconbox iconpos_left style_circle color_secondary align_left no_text\"><a target=\"_blank\" href=\"https:\/\/maps.app.goo.gl\/tWRU71WKf7GRWwnQ8\" class=\"w-iconbox-link\" aria-label=\"Altay\u00e7e\u015fme Mahallesi, Atat\u00fcrk Caddesi, Samibey Sokak, No:6\/A Maltepe\/\u0130stanbul\"><div class=\"w-iconbox-icon\" style=\"font-size:22px;\"><i class=\"far fa-map-marker-alt\"><\/i><\/div><\/a><div class=\"w-iconbox-meta\"><div class=\"w-iconbox-title\" style=\"font-size:18px;\"><a target=\"_blank\" href=\"https:\/\/maps.app.goo.gl\/tWRU71WKf7GRWwnQ8\" class=\"w-iconbox-link\" aria-label=\"Altay\u00e7e\u015fme Mahallesi, Atat\u00fcrk Caddesi, Samibey Sokak, No:6\/A Maltepe\/\u0130stanbul\">Altay\u00e7e\u015fme Mahallesi, Atat\u00fcrk Caddesi, Samibey Sokak, No:6\/A Maltepe\/\u0130stanbul<\/a><\/div><\/div><\/div><div class=\"w-separator size_small\"><\/div>[vc_raw_html]JTNDaWZyYW1lJTIwc3JjJTNEJTIyaHR0cHMlM0ElMkYlMkZ3d3cuZ29vZ2xlLmNvbSUyRm1hcHMlMkZlbWJlZCUzRnBiJTNEJTIxMW0xOCUyMTFtMTIlMjExbTMlMjExZDc1My41NDIxODAwOTU4NjIlMjEyZDI5LjEzNjY4MjkwMDAwMDAwNCUyMTNkNDAuOTMzOTY5Mjk5OTk5OTk0JTIxMm0zJTIxMWYwJTIxMmYwJTIxM2YwJTIxM20yJTIxMWkxMDI0JTIxMmk3NjglMjE0ZjEzLjElMjEzbTMlMjExbTIlMjExczB4MTRjYWM2OWZhNTljMTNhMyUyNTNBMHhjYzFhMGNiNWUyZjYwYjM2JTIxMnNBbHRheSUyNUMzJTI1QTdlJTI1QzUlMjU5Rm1lJTI1MkMlMjUyMEF0YXQlMjVDMyUyNUJDcmslMjUyMENhZGRlc2klMjUyMCUyNTI2JTI1MjBTYW1pJTI1MjBCZXklMjUyMFNva2FrJTI1MjA2JTI1MkZBJTI1MkMlMjUyMDM0ODQzJTI1MjBNYWx0ZXBlJTI1MkYlMjVDNCUyNUIwc3RhbmJ1bCUyMTVlMCUyMTNtMiUyMTFzdHIlMjEyc3RyJTIxNHYxNzQ3Njc2NjY0NjgwJTIxNW0yJTIxMXN0ciUyMTJzdHIlMjIlMjB3aWR0aCUzRCUyMjEwMCUyNSUyMiUyMGhlaWdodCUzRCUyMjM1MCUyMiUyMHN0eWxlJTNEJTIyYm9yZGVyJTNBMCUzQiUyMiUyMGFsbG93ZnVsbHNjcmVlbiUzRCUyMiUyMiUyMGxvYWRpbmclM0QlMjJsYXp5JTIyJTIwcmVmZXJyZXJwb2xpY3klM0QlMjJuby1yZWZlcnJlci13aGVuLWRvd25ncmFkZSUyMiUzRSUzQyUyRmlmcmFtZSUzRQ==[\/vc_raw_html]<\/div><\/div><div class=\"wpb_column vc_column_container\"><div class=\"vc_column-inner\"><h2 class=\"w-text\"><span class=\"w-text-h\"><span class=\"w-text-value\">Contact Form<\/span><\/span><\/h2><div class=\"wpb_text_column\"><div class=\"wpb_wrapper\"><p>For questions, feedback, or suggestions, please fill out the form below. Our expert team will get back to you as soon as possible. At Extintech, we\u2019re always here for you.<\/p>\n<\/div><\/div><div class=\"w-separator size_small\"><\/div><form class=\"w-form  us-field-style_1 layout_ver for_cform us_form_1\" autocomplete=\"off\" action=\"https:\/\/www.extintech.com\/en\/en\/wp-json\/wp\/v2\/pages\/9140\" method=\"post\" style=\"--fields-gap:1.5rem\"><div class=\"w-form-h\"><div class=\"w-form-row for_text required\">\r\n\t\t<div class=\"w-form-row-field\">\r\n\t\t\t\t\t\t<input aria-label=\"Full Name\" type=\"text\" name=\"us_form_1_text_1\" value placeholder=\"Full Name *\" data-required=\"true\" aria-required=\"true\"\/>\r\n\t\t\t<\/div>\r\n\t\t<div class=\"w-form-row-state\">Fill out this field<\/div>\r\n<\/div>\r\n<div class=\"w-form-row for_email required\">\r\n\t\t<div class=\"w-form-row-field\">\r\n\t\t\t\t\t\t<input aria-label=\"Email\" type=\"email\" name=\"us_form_1_email_1\" value placeholder=\"Email *\" data-required=\"true\" aria-required=\"true\"\/>\r\n\t\t\t<\/div>\r\n\t\t<div class=\"w-form-row-state\">Please enter a valid email address.<\/div>\r\n<\/div>\r\n<div class=\"w-form-row for_text required\">\r\n\t\t<div class=\"w-form-row-field\">\r\n\t\t\t\t\t\t<input aria-label=\"Phone\" type=\"text\" name=\"us_form_1_text_2\" value placeholder=\"Phone *\" data-required=\"true\" aria-required=\"true\"\/>\r\n\t\t\t<\/div>\r\n\t\t<div class=\"w-form-row-state\">Fill out this field<\/div>\r\n<\/div>\r\n<div class=\"w-form-row for_textarea\">\r\n\t\t<div class=\"w-form-row-field\">\r\n\t\t\t\t\t\t<textarea aria-label=\"How can we help you?\" name=\"us_form_1_textarea_1\" placeholder=\"How can we help you?\"><\/textarea>\r\n\t\t\t<\/div>\r\n\t\t<div class=\"w-form-row-state\">Fill out this field<\/div>\r\n<\/div>\r\n<div class=\"w-form-row for_captcha required\">\r\n\t<div class=\"w-form-row-label\">\r\n\t\t<span> <span>28 - 15 = ?<\/span><\/span>\r\n\t<\/div>\r\n\t<div class=\"w-form-row-field\">\r\n\t\t\t\t<input type=\"hidden\" name=\"us_form_1_captcha_1_hash\" value=\"5999753b5d8fe975fb0864c26930d32f\" \/>\r\n\t\t\t\t<input aria-label=\"us_form_1_captcha_1\" type=\"text\" name=\"us_form_1_captcha_1\" placeholder data-required=\"true\" aria-required=\"true\"\/>\r\n\t\t\t<\/div>\r\n\t\t<div class=\"w-form-row-state\">Enter the equation result to proceed<\/div>\r\n<\/div>\r\n<input type=\"hidden\" name=\"action\" value=\"us_ajax_cform\" \/>\r\n<input type=\"hidden\" name=\"post_id\" value=\"0\" \/>\r\n<input type=\"hidden\" name=\"form_index\" value=\"1\" \/>\r\n<div class=\"w-form-row for_submit default_align_none laptops_align_none tablets_align_none mobiles_align_justify\">\r\n\t<button class=\"w-btn icon_atleft us-btn-style_1\" aria-label=\"Submit\" type=\"submit\">\r\n\t\t<span class=\"g-preloader type_1\"><\/span>\r\n\t\t<i class=\"fal fa-paper-plane\"><\/i>\t\t<span class=\"w-btn-label\">Submit<\/span>\r\n\t\t\t<\/button>\r\n\t<\/div>\r\n<\/div><div class=\"w-form-message\"><\/div><div class=\"w-form-json hidden\" onclick='return {&quot;ajaxurl&quot;:&quot;https:\\\/\\\/www.extintech.com\\\/en\\\/wp-admin\\\/admin-ajax.php&quot;,&quot;messages&quot;:{&quot;err_empty&quot;:&quot;Fill out this field&quot;,&quot;err_size&quot;:&quot;File size cannot exceed %s MB&quot;,&quot;err_extension&quot;:&quot;%s file type is not allowed&quot;,&quot;err_recaptcha_keys&quot;:&quot;reCAPTCHA keys are incorrect&quot;}}'><\/div><\/form><\/div><\/div><\/div><\/div><\/div><\/div><\/div><\/section>\n","protected":false},"excerpt":{"rendered":"Contact Informationinfo@extintech.comerkan@extintech.com+90 (216) 371 54 28+90 (532) 377 77 71Altay\u00e7e\u015fme Mahallesi, Atat\u00fcrk Caddesi, Samibey Sokak, No:6\/A Maltepe\/\u0130stanbul[vc_raw_html]JTNDaWZyYW1lJTIwc3JjJTNEJTIyaHR0cHMlM0ElMkYlMkZ3d3cuZ29vZ2xlLmNvbSUyRm1hcHMlMkZlbWJlZCUzRnBiJTNEJTIxMW0xOCUyMTFtMTIlMjExbTMlMjExZDc1My41NDIxODAwOTU4NjIlMjEyZDI5LjEzNjY4MjkwMDAwMDAwNCUyMTNkNDAuOTMzOTY5Mjk5OTk5OTk0JTIxMm0zJTIxMWYwJTIxMmYwJTIxM2YwJTIxM20yJTIxMWkxMDI0JTIxMmk3NjglMjE0ZjEzLjElMjEzbTMlMjExbTIlMjExczB4MTRjYWM2OWZhNTljMTNhMyUyNTNBMHhjYzFhMGNiNWUyZjYwYjM2JTIxMnNBbHRheSUyNUMzJTI1QTdlJTI1QzUlMjU5Rm1lJTI1MkMlMjUyMEF0YXQlMjVDMyUyNUJDcmslMjUyMENhZGRlc2klMjUyMCUyNTI2JTI1MjBTYW1pJTI1MjBCZXklMjUyMFNva2FrJTI1MjA2JTI1MkZBJTI1MkMlMjUyMDM0ODQzJTI1MjBNYWx0ZXBlJTI1MkYlMjVDNCUyNUIwc3RhbmJ1bCUyMTVlMCUyMTNtMiUyMTFzdHIlMjEyc3RyJTIxNHYxNzQ3Njc2NjY0NjgwJTIxNW0yJTIxMXN0ciUyMTJzdHIlMjIlMjB3aWR0aCUzRCUyMjEwMCUyNSUyMiUyMGhlaWdodCUzRCUyMjM1MCUyMiUyMHN0eWxlJTNEJTIyYm9yZGVyJTNBMCUzQiUyMiUyMGFsbG93ZnVsbHNjcmVlbiUzRCUyMiUyMiUyMGxvYWRpbmclM0QlMjJsYXp5JTIyJTIwcmVmZXJyZXJwb2xpY3klM0QlMjJuby1yZWZlcnJlci13aGVuLWRvd25ncmFkZSUyMiUzRSUzQyUyRmlmcmFtZSUzRQ==[\/vc_raw_html]Contact FormFor questions, feedback, or suggestions, please fill out the form below. Our expert team will get back to you as soon as possible. At Extintech, we\u2019re always here for you. Fill out this field Please enter a valid...","protected":false},"author":1,"featured_media":0,"parent":0,"menu_order":0,"comment_status":"closed","ping_status":"closed","template":"","meta":{"_acf_changed":false,"footnotes":""},"class_list":["post-9140","page","type-page","status-publish","hentry"],"acf":[],"yoast_head":"<!-- This site is optimized with the Yoast SEO plugin v25.2 - https:\/\/yoast.com\/wordpress\/plugins\/seo\/ -->\n<title>Contact | Extintech | Next Generation Fire Protection<\/title>\n<meta name=\"robots\" content=\"index, follow, max-snippet:-1, max-image-preview:large, max-video-preview:-1\" \/>\n<link rel=\"canonical\" href=\"https:\/\/www.extintech.com\/en\/contact\/\" \/>\n<meta property=\"og:locale\" content=\"en_US\" \/>\n<meta property=\"og:type\" content=\"article\" \/>\n<meta property=\"og:title\" content=\"Contact | Extintech | Next Generation Fire Protection\" \/>\n<meta property=\"og:url\" content=\"https:\/\/www.extintech.com\/en\/contact\/\" \/>\n<meta property=\"og:site_name\" content=\"Extintech | Next Generation Fire Protection\" \/>\n<meta property=\"article:modified_time\" content=\"2025-06-23T09:36:31+00:00\" \/>\n<meta property=\"og:image\" content=\"https:\/\/www.extintech.com\/en\/wp-content\/uploads\/2025\/05\/Extintech-Theme-Image.webp\" \/>\n\t<meta property=\"og:image:width\" content=\"1900\" \/>\n\t<meta property=\"og:image:height\" content=\"1425\" \/>\n\t<meta property=\"og:image:type\" content=\"image\/webp\" \/>\n<meta name=\"twitter:card\" content=\"summary_large_image\" \/>\n<meta name=\"twitter:label1\" content=\"Est. reading time\" \/>\n\t<meta name=\"twitter:data1\" content=\"1 minute\" \/>\n<script type=\"application\/ld+json\" class=\"yoast-schema-graph\">{\"@context\":\"https:\/\/schema.org\",\"@graph\":[{\"@type\":\"WebPage\",\"@id\":\"https:\/\/www.extintech.com\/en\/contact\/\",\"url\":\"https:\/\/www.extintech.com\/en\/contact\/\",\"name\":\"Contact | Extintech | Next Generation Fire Protection\",\"isPartOf\":{\"@id\":\"https:\/\/www.extintech.com\/en\/#website\"},\"datePublished\":\"2025-05-14T10:03:55+00:00\",\"dateModified\":\"2025-06-23T09:36:31+00:00\",\"breadcrumb\":{\"@id\":\"https:\/\/www.extintech.com\/en\/contact\/#breadcrumb\"},\"inLanguage\":\"en-US\",\"potentialAction\":[{\"@type\":\"ReadAction\",\"target\":[\"https:\/\/www.extintech.com\/en\/contact\/\"]}]},{\"@type\":\"BreadcrumbList\",\"@id\":\"https:\/\/www.extintech.com\/en\/contact\/#breadcrumb\",\"itemListElement\":[{\"@type\":\"ListItem\",\"position\":1,\"name\":\"Home\",\"item\":\"https:\/\/www.extintech.com\/en\/\"},{\"@type\":\"ListItem\",\"position\":2,\"name\":\"Contact\"}]},{\"@type\":\"WebSite\",\"@id\":\"https:\/\/www.extintech.com\/en\/#website\",\"url\":\"https:\/\/www.extintech.com\/en\/\",\"name\":\"Extintech | Fire Safety Reinvented\",\"description\":\"Professional Fire Consultancy\",\"publisher\":{\"@id\":\"https:\/\/www.extintech.com\/en\/#organization\"},\"alternateName\":\"Extintech\",\"potentialAction\":[{\"@type\":\"SearchAction\",\"target\":{\"@type\":\"EntryPoint\",\"urlTemplate\":\"https:\/\/www.extintech.com\/en\/?s={search_term_string}\"},\"query-input\":{\"@type\":\"PropertyValueSpecification\",\"valueRequired\":true,\"valueName\":\"search_term_string\"}}],\"inLanguage\":\"en-US\"},{\"@type\":\"Organization\",\"@id\":\"https:\/\/www.extintech.com\/en\/#organization\",\"name\":\"Extintech | Enhancing Your Safety with Technology\",\"alternateName\":\"Extintech\",\"url\":\"https:\/\/www.extintech.com\/en\/\",\"logo\":{\"@type\":\"ImageObject\",\"inLanguage\":\"en-US\",\"@id\":\"https:\/\/www.extintech.com\/en\/#\/schema\/logo\/image\/\",\"url\":\"https:\/\/www.extintech.com\/en\/wp-content\/uploads\/2025\/05\/Extintech-Yer-Tutucu-Kare.webp\",\"contentUrl\":\"https:\/\/www.extintech.com\/en\/wp-content\/uploads\/2025\/05\/Extintech-Yer-Tutucu-Kare.webp\",\"width\":1200,\"height\":1200,\"caption\":\"Extintech | Enhancing Your Safety with Technology\"},\"image\":{\"@id\":\"https:\/\/www.extintech.com\/en\/#\/schema\/logo\/image\/\"}}]}<\/script>\n<!-- \/ Yoast SEO plugin. -->","yoast_head_json":{"title":"Contact | Extintech | Next Generation Fire Protection","robots":{"index":"index","follow":"follow","max-snippet":"max-snippet:-1","max-image-preview":"max-image-preview:large","max-video-preview":"max-video-preview:-1"},"canonical":"https:\/\/www.extintech.com\/en\/contact\/","og_locale":"en_US","og_type":"article","og_title":"Contact | Extintech | Next Generation Fire Protection","og_url":"https:\/\/www.extintech.com\/en\/contact\/","og_site_name":"Extintech | Next Generation Fire Protection","article_modified_time":"2025-06-23T09:36:31+00:00","og_image":[{"width":1900,"height":1425,"url":"https:\/\/www.extintech.com\/en\/wp-content\/uploads\/2025\/05\/Extintech-Theme-Image.webp","type":"image\/webp"}],"twitter_card":"summary_large_image","twitter_misc":{"Est. reading time":"1 minute"},"schema":{"@context":"https:\/\/schema.org","@graph":[{"@type":"WebPage","@id":"https:\/\/www.extintech.com\/en\/contact\/","url":"https:\/\/www.extintech.com\/en\/contact\/","name":"Contact | Extintech | Next Generation Fire Protection","isPartOf":{"@id":"https:\/\/www.extintech.com\/en\/#website"},"datePublished":"2025-05-14T10:03:55+00:00","dateModified":"2025-06-23T09:36:31+00:00","breadcrumb":{"@id":"https:\/\/www.extintech.com\/en\/contact\/#breadcrumb"},"inLanguage":"en-US","potentialAction":[{"@type":"ReadAction","target":["https:\/\/www.extintech.com\/en\/contact\/"]}]},{"@type":"BreadcrumbList","@id":"https:\/\/www.extintech.com\/en\/contact\/#breadcrumb","itemListElement":[{"@type":"ListItem","position":1,"name":"Home","item":"https:\/\/www.extintech.com\/en\/"},{"@type":"ListItem","position":2,"name":"Contact"}]},{"@type":"WebSite","@id":"https:\/\/www.extintech.com\/en\/#website","url":"https:\/\/www.extintech.com\/en\/","name":"Extintech | Fire Safety Reinvented","description":"Professional Fire Consultancy","publisher":{"@id":"https:\/\/www.extintech.com\/en\/#organization"},"alternateName":"Extintech","potentialAction":[{"@type":"SearchAction","target":{"@type":"EntryPoint","urlTemplate":"https:\/\/www.extintech.com\/en\/?s={search_term_string}"},"query-input":{"@type":"PropertyValueSpecification","valueRequired":true,"valueName":"search_term_string"}}],"inLanguage":"en-US"},{"@type":"Organization","@id":"https:\/\/www.extintech.com\/en\/#organization","name":"Extintech | Enhancing Your Safety with Technology","alternateName":"Extintech","url":"https:\/\/www.extintech.com\/en\/","logo":{"@type":"ImageObject","inLanguage":"en-US","@id":"https:\/\/www.extintech.com\/en\/#\/schema\/logo\/image\/","url":"https:\/\/www.extintech.com\/en\/wp-content\/uploads\/2025\/05\/Extintech-Yer-Tutucu-Kare.webp","contentUrl":"https:\/\/www.extintech.com\/en\/wp-content\/uploads\/2025\/05\/Extintech-Yer-Tutucu-Kare.webp","width":1200,"height":1200,"caption":"Extintech | Enhancing Your Safety with Technology"},"image":{"@id":"https:\/\/www.extintech.com\/en\/#\/schema\/logo\/image\/"}}]}},"_links":{"self":[{"href":"https:\/\/www.extintech.com\/en\/wp-json\/wp\/v2\/pages\/9140","targetHints":{"allow":["GET"]}}],"collection":[{"href":"https:\/\/www.extintech.com\/en\/wp-json\/wp\/v2\/pages"}],"about":[{"href":"https:\/\/www.extintech.com\/en\/wp-json\/wp\/v2\/types\/page"}],"author":[{"embeddable":true,"href":"https:\/\/www.extintech.com\/en\/wp-json\/wp\/v2\/users\/1"}],"replies":[{"embeddable":true,"href":"https:\/\/www.extintech.com\/en\/wp-json\/wp\/v2\/comments?post=9140"}],"version-history":[{"count":7,"href":"https:\/\/www.extintech.com\/en\/wp-json\/wp\/v2\/pages\/9140\/revisions"}],"predecessor-version":[{"id":9706,"href":"https:\/\/www.extintech.com\/en\/wp-json\/wp\/v2\/pages\/9140\/revisions\/9706"}],"wp:attachment":[{"href":"https:\/\/www.extintech.com\/en\/wp-json\/wp\/v2\/media?parent=9140"}],"curies":[{"name":"wp","href":"https:\/\/api.w.org\/{rel}","templated":true}]}}